{"id":4753,"date":"2024-12-30T17:09:26","date_gmt":"2024-12-30T16:09:26","guid":{"rendered":"https:\/\/linkingminds.be\/a-propos-de\/"},"modified":"2025-04-09T15:04:04","modified_gmt":"2025-04-09T13:04:04","slug":"a-propos","status":"publish","type":"page","link":"https:\/\/linkingminds.be\/fr\/a-propos\/","title":{"rendered":"A propos"},"content":{"rendered":"\t\t<div data-elementor-type=\"wp-page\" data-elementor-id=\"4753\" class=\"elementor elementor-4753 elementor-2677\" data-elementor-post-type=\"page\">\n\t\t\t\t<div class=\"aux-parallax-section elementor-element elementor-element-3802de7 e-flex e-con-boxed e-con e-parent\" data-id=\"3802de7\" data-element_type=\"container\" data-e-type=\"container\" data-settings=\"{&quot;background_background&quot;:&quot;classic&quot;,&quot;jet_parallax_layout_list&quot;:[]}\">\n\t\t\t\t\t<div class=\"e-con-inner\">\n\t\t\t\t<div class=\"elementor-element elementor-element-f0ba4e1 elementor-widget elementor-widget-heading\" data-id=\"f0ba4e1\" data-element_type=\"widget\" data-e-type=\"widget\" data-widget_type=\"heading.default\">\n\t\t\t\t<div class=\"elementor-widget-container\">\n\t\t\t\t\t<h5 class=\"elementor-heading-title elementor-size-default\">\u00c0 PROPOS<\/h5>\t\t\t\t<\/div>\n\t\t\t\t<\/div>\n\t\t\t\t<div class=\"elementor-element elementor-element-372fb85 elementor-widget elementor-widget-heading\" data-id=\"372fb85\" data-element_type=\"widget\" data-e-type=\"widget\" data-widget_type=\"heading.default\">\n\t\t\t\t<div class=\"elementor-widget-container\">\n\t\t\t\t\t<h1 class=\"elementor-heading-title elementor-size-default\">Donner aux personnes et aux organisations <br>les moyens d'atteindre<br> leur potentiel le plus \u00e9lev\u00e9<\/h1>\t\t\t\t<\/div>\n\t\t\t\t<\/div>\n\t\t\t\t<div class=\"elementor-element elementor-element-0d9eec2 elementor-widget__width-initial elementor-widget elementor-widget-text-editor\" data-id=\"0d9eec2\" data-element_type=\"widget\" data-e-type=\"widget\" data-widget_type=\"text-editor.default\">\n\t\t\t\t<div class=\"elementor-widget-container\">\n\t\t\t\t\t\t\t\t\t<p>Imaginez un monde o\u00f9 les organisations \u00e9voluent vers des structures robustes et efficaces, dirig\u00e9es et g\u00e9r\u00e9es par des personnes menant une vie \u00e9panouie.<\/p>\n<p><strong>Chez Linking Minds, cette vision inspire tout ce que nous faisons.<\/strong><\/p>\n\t\t\t\t\t\t\t\t<\/div>\n\t\t\t\t<\/div>\n\t\t\t\t\t<\/div>\n\t\t\t\t<\/div>\n\t\t<div class=\"aux-parallax-section elementor-element elementor-element-0d812fa e-flex e-con-boxed e-con e-parent\" data-id=\"0d812fa\" data-element_type=\"container\" data-e-type=\"container\" data-settings=\"{&quot;jet_parallax_layout_list&quot;:[]}\">\n\t\t\t\t\t<div class=\"e-con-inner\">\n\t\t<div class=\"elementor-element elementor-element-c22ebc5 e-con-full e-flex e-con e-child\" data-id=\"c22ebc5\" data-element_type=\"container\" data-e-type=\"container\" data-settings=\"{&quot;jet_parallax_layout_list&quot;:[]}\">\n\t\t\t\t<div class=\"elementor-element elementor-element-94c4ec4 elementor-widget elementor-widget-heading\" data-id=\"94c4ec4\" data-element_type=\"widget\" data-e-type=\"widget\" data-widget_type=\"heading.default\">\n\t\t\t\t<div class=\"elementor-widget-container\">\n\t\t\t\t\t<h2 class=\"elementor-heading-title elementor-size-default\">Am\u00e9liorer la collaboration<br> et l'efficacit\u00e9<\/h2>\t\t\t\t<\/div>\n\t\t\t\t<\/div>\n\t\t\t\t<div class=\"elementor-element elementor-element-cde953b elementor-widget elementor-widget-text-editor\" data-id=\"cde953b\" data-element_type=\"widget\" data-e-type=\"widget\" data-widget_type=\"text-editor.default\">\n\t\t\t\t<div class=\"elementor-widget-container\">\n\t\t\t\t\t\t\t\t\t<p>De nombreuses entreprises ont du mal \u00e0 passer de structures cloisonn\u00e9es \u00e0 une collaboration transversale efficace. Depuis 2010, l&rsquo;essor de la transformation num\u00e9rique a contraint les organisations \u00e0 repenser les processus et les outils de travail en \u00e9quipe interfonctionnelle. Ce besoin devient encore plus important dans le contexte de la transition ESG.<\/p>\n\t\t\t\t\t\t\t\t<\/div>\n\t\t\t\t<\/div>\n\t\t\t\t<div class=\"elementor-element elementor-element-43af0e5 elementor-widget elementor-widget-text-editor\" data-id=\"43af0e5\" data-element_type=\"widget\" data-e-type=\"widget\" data-widget_type=\"text-editor.default\">\n\t\t\t\t<div class=\"elementor-widget-container\">\n\t\t\t\t\t\t\t\t\t<p>J&rsquo;ai travaill\u00e9 dans des entreprises de toutes tailles et dans diff\u00e9rents secteurs. Il y a toujours eu un point d&rsquo;attention qui a motiv\u00e9 mon parcours : voir mes coll\u00e8gues prosp\u00e9rer en am\u00e9liorant les relations, en mettant en place des processus optimaux avec des outils appropri\u00e9s.<\/p>\n<p>D\u00e9sireuse d&rsquo;apporter une contribution optimale \u00e0 la communaut\u00e9, j&rsquo;ai pris le temps de recenser mes moteurs et mes talents et j&rsquo;ai ainsi fond\u00e9 Linking Minds.<\/p>\n\t\t\t\t\t\t\t\t<\/div>\n\t\t\t\t<\/div>\n\t\t\t\t<div class=\"elementor-element elementor-element-7bb7560 elementor-widget elementor-widget-image\" data-id=\"7bb7560\" data-element_type=\"widget\" data-e-type=\"widget\" data-widget_type=\"image.default\">\n\t\t\t\t<div class=\"elementor-widget-container\">\n\t\t\t\t\t\t\t\t\t\t\t\t\t\t\t<img fetchpriority=\"high\" decoding=\"async\" width=\"2084\" height=\"594\" src=\"https:\/\/linkingminds.be\/wp-content\/uploads\/2025\/01\/text-bleu.png\" class=\"attachment-full size-full wp-image-4691\" alt=\"\" srcset=\"https:\/\/linkingminds.be\/wp-content\/uploads\/2025\/01\/text-bleu.png 2084w, https:\/\/linkingminds.be\/wp-content\/uploads\/2025\/01\/text-bleu-1536x438.png 1536w, https:\/\/linkingminds.be\/wp-content\/uploads\/2025\/01\/text-bleu-2048x584.png 2048w, https:\/\/linkingminds.be\/wp-content\/uploads\/2025\/01\/text-bleu-200x57.png 200w\" sizes=\"(max-width: 2084px) 100vw, 2084px\" \/>\t\t\t\t\t\t\t\t\t\t\t\t\t\t\t<\/div>\n\t\t\t\t<\/div>\n\t\t\t\t<\/div>\n\t\t<div class=\"elementor-element elementor-element-89660d0 e-con-full e-flex e-con e-child\" data-id=\"89660d0\" data-element_type=\"container\" data-e-type=\"container\" data-settings=\"{&quot;background_background&quot;:&quot;classic&quot;,&quot;jet_parallax_layout_list&quot;:[]}\">\n\t\t\t\t<div class=\"elementor-element elementor-element-9fb5512 elementor-widget elementor-widget-image\" data-id=\"9fb5512\" data-element_type=\"widget\" data-e-type=\"widget\" data-widget_type=\"image.default\">\n\t\t\t\t<div class=\"elementor-widget-container\">\n\t\t\t\t\t\t\t\t\t\t\t\t\t\t\t<img decoding=\"async\" width=\"1200\" height=\"1600\" src=\"https:\/\/linkingminds.be\/wp-content\/uploads\/2025\/02\/e8de4643-da81-4504-a9e8-3d3e950f24cc-min.png\" class=\"attachment-full size-full wp-image-4745\" alt=\"\" srcset=\"https:\/\/linkingminds.be\/wp-content\/uploads\/2025\/02\/e8de4643-da81-4504-a9e8-3d3e950f24cc-min.png 1200w, https:\/\/linkingminds.be\/wp-content\/uploads\/2025\/02\/e8de4643-da81-4504-a9e8-3d3e950f24cc-min-1152x1536.png 1152w\" sizes=\"(max-width: 1200px) 100vw, 1200px\" \/>\t\t\t\t\t\t\t\t\t\t\t\t\t\t\t<\/div>\n\t\t\t\t<\/div>\n\t\t\t\t<div class=\"aux-scroll-anim elementor-element elementor-element-9520eb7 elementor-widget__width-auto aux-appear-watch-animation aux-fade-in-down-1 elementor-widget elementor-widget-aux_simple_svg\" data-move-in=\"moveVertical\" data-move-out=\"moveVertical\" data-axis-x=\"200\" data-axis-y=\"-40\" data-rotate=\"90\" data-scale=\"1\" data-vp-top=\"0.5\" data-vp-bot=\"0.5\" data-el-top=\"0.2\" data-scroll-animation-off=\"1024\" data-id=\"9520eb7\" data-element_type=\"widget\" data-e-type=\"widget\" data-widget_type=\"aux_simple_svg.default\">\n\t\t\t\t<div class=\"elementor-widget-container\">\n\t\t\t\t\t    <div class=\"aux-widget-container aux-simple-svg-container\">\n        <div class=\"aux-widget-container-inner\">\n            <div class=\"aux-the-svg\"><svg xmlns=\"http:\/\/www.w3.org\/2000\/svg\" width=\"333\" height=\"333\" viewBox=\"0 0 333 333\"><path d=\"M30,0h0A303,303,0,0,1,333,303v0a30,30,0,0,1-30,30H30A30,30,0,0,1,0,303V30A30,30,0,0,1,30,0Z\" fill=\"var(--e-global-color-primary)\" \/><\/svg><\/div>\n        <\/div>\n    <\/div>\n    \t\t\t\t<\/div>\n\t\t\t\t<\/div>\n\t\t\t\t<div class=\"aux-scroll-anim elementor-element elementor-element-a495e8d elementor-widget__width-initial aux-appear-watch-animation aux-fade-in-up-2 elementor-widget elementor-widget-aux_simple_svg\" data-move-in=\"moveVertical\" data-move-out=\"moveVertical\" data-axis-x=\"200\" data-axis-y=\"40\" data-rotate=\"90\" data-scale=\"1\" data-vp-top=\"0.5\" data-vp-bot=\"0.5\" data-el-top=\"0.2\" data-scroll-animation-off=\"1024\" data-id=\"a495e8d\" data-element_type=\"widget\" data-e-type=\"widget\" data-widget_type=\"aux_simple_svg.default\">\n\t\t\t\t<div class=\"elementor-widget-container\">\n\t\t\t\t\t    <div class=\"aux-widget-container aux-simple-svg-container\">\n        <div class=\"aux-widget-container-inner\">\n            <div class=\"aux-the-svg\"><svg xmlns=\"http:\/\/www.w3.org\/2000\/svg\" width=\"333\" height=\"333\" viewBox=\"0 0 333 333\"><path d=\"M246,0h57a30,30,0,0,1,30,30V303a30,30,0,0,1-30,30H30A30,30,0,0,1,0,303V246A246,246,0,0,1,246,0Z\" fill=\"var(--e-global-color-secondary)\" \/><\/svg><\/div>\n        <\/div>\n    <\/div>\n    \t\t\t\t<\/div>\n\t\t\t\t<\/div>\n\t\t<div class=\"elementor-element elementor-element-16462dc e-con-full e-flex e-con e-child\" data-id=\"16462dc\" data-element_type=\"container\" data-e-type=\"container\" data-settings=\"{&quot;background_background&quot;:&quot;classic&quot;,&quot;position&quot;:&quot;absolute&quot;,&quot;jet_parallax_layout_list&quot;:[],&quot;motion_fx_motion_fx_scrolling&quot;:&quot;yes&quot;,&quot;motion_fx_translateY_effect&quot;:&quot;yes&quot;,&quot;motion_fx_translateY_speed&quot;:{&quot;unit&quot;:&quot;px&quot;,&quot;size&quot;:1.7,&quot;sizes&quot;:[]},&quot;motion_fx_translateY_affectedRange&quot;:{&quot;unit&quot;:&quot;%&quot;,&quot;size&quot;:&quot;&quot;,&quot;sizes&quot;:{&quot;start&quot;:14,&quot;end&quot;:74}},&quot;motion_fx_devices&quot;:[&quot;desktop&quot;,&quot;tablet&quot;,&quot;mobile&quot;]}\">\n\t\t\t\t<div class=\"elementor-element elementor-element-20a2e9a elementor-widget elementor-widget-text-editor\" data-id=\"20a2e9a\" data-element_type=\"widget\" data-e-type=\"widget\" data-widget_type=\"text-editor.default\">\n\t\t\t\t<div class=\"elementor-widget-container\">\n\t\t\t\t\t\t\t\t\t<p>Ga\u00ebla Galasso<br \/><strong><i>Fondatrice<\/i><\/strong><\/p>\n\t\t\t\t\t\t\t\t<\/div>\n\t\t\t\t<\/div>\n\t\t\t\t<\/div>\n\t\t\t\t<\/div>\n\t\t\t\t\t<\/div>\n\t\t\t\t<\/div>\n\t\t<div class=\"aux-parallax-section elementor-element elementor-element-e233d32 e-flex e-con-boxed e-con e-parent\" data-id=\"e233d32\" data-element_type=\"container\" data-e-type=\"container\" data-settings=\"{&quot;jet_parallax_layout_list&quot;:[],&quot;background_background&quot;:&quot;classic&quot;}\">\n\t\t\t\t\t<div class=\"e-con-inner\">\n\t\t<div class=\"elementor-element elementor-element-db64d05 e-con-full e-flex e-con e-child\" data-id=\"db64d05\" data-element_type=\"container\" data-e-type=\"container\" data-settings=\"{&quot;jet_parallax_layout_list&quot;:[]}\">\n\t\t\t\t<div class=\"elementor-element elementor-element-46a3f5d elementor-widget elementor-widget-image\" data-id=\"46a3f5d\" data-element_type=\"widget\" data-e-type=\"widget\" data-widget_type=\"image.default\">\n\t\t\t\t<div class=\"elementor-widget-container\">\n\t\t\t\t\t\t\t\t\t\t\t\t\t\t\t<img decoding=\"async\" width=\"1024\" height=\"1000\" src=\"https:\/\/linkingminds.be\/wp-content\/uploads\/2024\/12\/2149304769-1024x1000.jpg\" class=\"attachment-large size-large wp-image-4653\" alt=\"\" \/>\t\t\t\t\t\t\t\t\t\t\t\t\t\t\t<\/div>\n\t\t\t\t<\/div>\n\t\t\t\t<div class=\"aux-scroll-anim elementor-element elementor-element-c123c41 elementor-widget__width-initial aux-appear-watch-animation aux-fade-in-up-2 e-transform elementor-widget elementor-widget-aux_simple_svg\" data-move-in=\"moveVertical\" data-move-out=\"moveVertical\" data-axis-x=\"150\" data-axis-y=\"100\" data-rotate=\"90\" data-scale=\"1\" data-vp-top=\"0.5\" data-vp-bot=\"0.5\" data-el-top=\"0.2\" data-scroll-animation-off=\"1024\" data-id=\"c123c41\" data-element_type=\"widget\" data-e-type=\"widget\" data-settings=\"{&quot;_transform_flipX_effect&quot;:&quot;transform&quot;,&quot;motion_fx_motion_fx_scrolling&quot;:&quot;yes&quot;,&quot;motion_fx_range&quot;:&quot;viewport&quot;,&quot;motion_fx_devices&quot;:[&quot;desktop&quot;,&quot;tablet&quot;,&quot;mobile&quot;]}\" data-widget_type=\"aux_simple_svg.default\">\n\t\t\t\t<div class=\"elementor-widget-container\">\n\t\t\t\t\t    <div class=\"aux-widget-container aux-simple-svg-container\">\n        <div class=\"aux-widget-container-inner\">\n            <div class=\"aux-the-svg\"><svg xmlns=\"http:\/\/www.w3.org\/2000\/svg\" width=\"333\" height=\"333\" viewBox=\"0 0 333 333\"><path d=\"M246,0h57a30,30,0,0,1,30,30V303a30,30,0,0,1-30,30H30A30,30,0,0,1,0,303V246A246,246,0,0,1,246,0Z\" fill=\"var(--e-global-color-secondary)\" \/><\/svg><\/div>\n        <\/div>\n    <\/div>\n    \t\t\t\t<\/div>\n\t\t\t\t<\/div>\n\t\t\t\t<\/div>\n\t\t<div class=\"elementor-element elementor-element-d193464 e-con-full e-flex e-con e-child\" data-id=\"d193464\" data-element_type=\"container\" data-e-type=\"container\" data-settings=\"{&quot;jet_parallax_layout_list&quot;:[]}\">\n\t\t\t\t<div class=\"elementor-element elementor-element-6ad3604 elementor-widget elementor-widget-heading\" data-id=\"6ad3604\" data-element_type=\"widget\" data-e-type=\"widget\" data-widget_type=\"heading.default\">\n\t\t\t\t<div class=\"elementor-widget-container\">\n\t\t\t\t\t<h2 class=\"elementor-heading-title elementor-size-default\">La transformation commence toujours par l'innovation<\/h2>\t\t\t\t<\/div>\n\t\t\t\t<\/div>\n\t\t\t\t<div class=\"elementor-element elementor-element-caf1cf4 elementor-widget elementor-widget-text-editor\" data-id=\"caf1cf4\" data-element_type=\"widget\" data-e-type=\"widget\" data-widget_type=\"text-editor.default\">\n\t\t\t\t<div class=\"elementor-widget-container\">\n\t\t\t\t\t\t\t\t\t<p>Pour que les organisations deviennent solides dans le monde d&rsquo;aujourd&rsquo;hui, qui \u00e9volue rapidement et constamment, il faut toujours commencer par l&rsquo;innovation. C&rsquo;est \u00e0 partir de ce moment-l\u00e0 que commence le parcours pour y parvenir. Pour atteindre leurs objectifs, les organisations ont besoin d&rsquo;une vision claire et d&rsquo;une strat\u00e9gie solide, comprise par toutes les parties prenantes qui contribueront \u00e0 la r\u00e9alisation de ces objectifs. Donnez-leur les outils, les processus de collaboration optimaux et l&rsquo;objectif et vous atteindrez le succ\u00e8s.<\/p>\n<p>Il en va de m\u00eame pour les individus. D&rsquo;une mani\u00e8re ou d&rsquo;une autre, cela commence toujours par l&rsquo;innovation. Osez devenir la meilleure version de vous-m\u00eame. Trouvez votre raison d&rsquo;\u00eatre, fixez des objectifs, \u00e9laborez un plan, r\u00e9alisez votre transformation et apportez votre contribution optimale \u00e0 votre entourage.<\/p>\n\t\t\t\t\t\t\t\t<\/div>\n\t\t\t\t<\/div>\n\t\t\t\t<div class=\"elementor-element elementor-element-4eb0367 elementor-widget elementor-widget-heading\" data-id=\"4eb0367\" data-element_type=\"widget\" data-e-type=\"widget\" data-widget_type=\"heading.default\">\n\t\t\t\t<div class=\"elementor-widget-container\">\n\t\t\t\t\t<h2 class=\"elementor-heading-title elementor-size-default\">Faites l'exp\u00e9rience du flux<\/h2>\t\t\t\t<\/div>\n\t\t\t\t<\/div>\n\t\t\t\t<div class=\"elementor-element elementor-element-c701924 elementor-widget elementor-widget-text-editor\" data-id=\"c701924\" data-element_type=\"widget\" data-e-type=\"widget\" data-widget_type=\"text-editor.default\">\n\t\t\t\t<div class=\"elementor-widget-container\">\n\t\t\t\t\t\t\t\t\t<p>Par le biais de Linking Minds, j&rsquo;ai l&rsquo;intention de servir d'\u00a0\u00bb\u0153il ext\u00e9rieur\u00a0\u00bb, en offrant des perspectives fra\u00eeches et de la clart\u00e9 pour de nouvelles id\u00e9es.<\/p>\n<p>Parlant couramment le fran\u00e7ais, le n\u00e9erlandais, l&rsquo;anglais et l&rsquo;espagnol, je suis passionn\u00e9e par le management, la psychologie, les neurosciences et le leadership transformationnel.<\/p>\n<p>Au fil des ann\u00e9es, j&rsquo;ai acquis une solide exp\u00e9rience en gestion de projet et de changement et j&rsquo;ai renforc\u00e9 mes comp\u00e9tences en adoptant les m\u00e9thodologies certifi\u00e9es PROSCI\u00ae, LEGO\u00ae SERIOUS PLAY\u00ae et OKR Professional Coaching.<\/p>\n<p>J&rsquo;accompagne les organisations et les individus tout au long de leur parcours de transformation en mettant l&rsquo;accent sur la r\u00e9alisation de leur plein potentiel.<\/p>\n<p>Prenez contact avec nous pour discuter de votre d\u00e9fi. Si je ne peux pas vous aider, l&rsquo;un de mes partenaires de confiance pourra le faire.<\/p>\n\t\t\t\t\t\t\t\t<\/div>\n\t\t\t\t<\/div>\n\t\t\t\t<div class=\"elementor-element elementor-element-eb22d8a elementor-widget__width-auto aux-appear-watch-animation aux-fade-in-right elementor-widget elementor-widget-button\" data-id=\"eb22d8a\" data-element_type=\"widget\" data-e-type=\"widget\" data-widget_type=\"button.default\">\n\t\t\t\t<div class=\"elementor-widget-container\">\n\t\t\t\t\t\t\t\t\t<div class=\"elementor-button-wrapper\">\n\t\t\t\t\t<a class=\"elementor-button elementor-button-link elementor-size-sm\" href=\"https:\/\/linkingminds.be\/fr\/contact\/\">\n\t\t\t\t\t\t<span class=\"elementor-button-content-wrapper\">\n\t\t\t\t\t\t\t\t\t<span class=\"elementor-button-text\">Contact<\/span>\n\t\t\t\t\t<\/span>\n\t\t\t\t\t<\/a>\n\t\t\t\t<\/div>\n\t\t\t\t\t\t\t\t<\/div>\n\t\t\t\t<\/div>\n\t\t\t\t<\/div>\n\t\t\t\t\t<\/div>\n\t\t\t\t<\/div>\n\t\t\t\t<\/div>\n\t\t","protected":false},"excerpt":{"rendered":"<p>\u00c0 PROPOS Donner aux personnes et aux organisations les moyens d&rsquo;atteindre leur potentiel le plus \u00e9lev\u00e9 Imaginez un monde o\u00f9 les organisations \u00e9voluent vers des structures robustes et efficaces, dirig\u00e9es et g\u00e9r\u00e9es par des personnes menant une vie \u00e9panouie. Chez Linking Minds, cette vision inspire tout ce que nous faisons. Am\u00e9liorer la collaboration et l&rsquo;efficacit\u00e9 [&hellip;]<\/p>\n","protected":false},"author":1,"featured_media":0,"parent":0,"menu_order":0,"comment_status":"closed","ping_status":"closed","template":"","meta":{"footnotes":""},"class_list":["post-4753","page","type-page","status-publish","hentry"],"_links":{"self":[{"href":"https:\/\/linkingminds.be\/fr\/wp-json\/wp\/v2\/pages\/4753","targetHints":{"allow":["GET"]}}],"collection":[{"href":"https:\/\/linkingminds.be\/fr\/wp-json\/wp\/v2\/pages"}],"about":[{"href":"https:\/\/linkingminds.be\/fr\/wp-json\/wp\/v2\/types\/page"}],"author":[{"embeddable":true,"href":"https:\/\/linkingminds.be\/fr\/wp-json\/wp\/v2\/users\/1"}],"replies":[{"embeddable":true,"href":"https:\/\/linkingminds.be\/fr\/wp-json\/wp\/v2\/comments?post=4753"}],"version-history":[{"count":7,"href":"https:\/\/linkingminds.be\/fr\/wp-json\/wp\/v2\/pages\/4753\/revisions"}],"predecessor-version":[{"id":5040,"href":"https:\/\/linkingminds.be\/fr\/wp-json\/wp\/v2\/pages\/4753\/revisions\/5040"}],"wp:attachment":[{"href":"https:\/\/linkingminds.be\/fr\/wp-json\/wp\/v2\/media?parent=4753"}],"curies":[{"name":"wp","href":"https:\/\/api.w.org\/{rel}","templated":true}]}}